{"id":1879,"date":"2019-04-26T11:00:55","date_gmt":"2019-04-26T11:00:55","guid":{"rendered":"https:\/\/zoeppritz.com\/en\/product\/eden-piquee-cream\/"},"modified":"2026-04-08T05:46:18","modified_gmt":"2026-04-08T05:46:18","slug":"eden-piquee-cream-towels","status":"publish","type":"product","link":"https:\/\/zoeppritz.com\/en\/product\/eden-piquee-cream-towels","title":{"rendered":"Eden Piqu\u00e9e"},"content":{"rendered":"","protected":false},"excerpt":{"rendered":"<p>EDEN PIQU\u00c9E by m\u00f6ve is puristic and elegant: the eye-catching design and structure is due to the black natural weft yarn with piqu\u00e9e structure. The towel series is woven from a material mix of fine natural cotton and linen. The very high grammage of 580g\/sqm makes the towels handy; but at the same time light, highly absorbent and soft. A broad tube seam decorates the two short sides; the two long sides show a thin black closing. EDEN PIQU\u00c9E is available as hand towel, sauna towel and bath towel.<\/p>\n","protected":false},"featured_media":3486,"template":"","meta":{"_acf_changed":false},"product_cat":[248],"product_tag":[1805,841,1811,840,1658,1730],"class_list":{"0":"post-1879","1":"product","2":"type-product","3":"status-publish","4":"has-post-thumbnail","6":"product_cat-towels","7":"product_tag-bad-accessoires","8":"product_tag-cotton","9":"product_tag-eden-piquee","10":"product_tag-linen","11":"product_tag-move","12":"product_tag-towel","13":"pa_colour-natural","14":"pa_colour-code-020-cream","15":"pa_material-90-cotton-10-linen","16":"pa_size-50x100","17":"pa_size-80x150","18":"pa_size-80x200","20":"first","21":"instock","22":"taxable","23":"shipping-taxable","24":"purchasable","25":"product-type-variable","26":"has-default-attributes"},"acf":[],"yoast_head":"<!-- This site is optimized with the Yoast SEO Premium plugin v27.1 (Yoast SEO v27.1.1) - https:\/\/yoast.com\/product\/yoast-seo-premium-wordpress\/ -->\n<title>Eden Piqu\u00e9e - ZOEPPRITZ1828<\/title>\n<meta name=\"robots\" content=\"index, follow, max-snippet:-1, max-image-preview:large, max-video-preview:-1\" \/>\n<link rel=\"canonical\" href=\"https:\/\/zoeppritz.com\/en\/product\/eden-piquee-cream-towels\" \/>\n<meta property=\"og:locale\" content=\"en_US\" \/>\n<meta property=\"og:type\" content=\"article\" \/>\n<meta property=\"og:title\" content=\"Eden Piqu\u00e9e\" \/>\n<meta property=\"og:description\" content=\"EDEN PIQU\u00c9E by m\u00f6ve is puristic and elegant: the eye-catching design and structure is due to the black natural weft yarn with piqu\u00e9e structure. The towel series is woven from a material mix of fine natural cotton and linen. The very high grammage of 580g\/sqm makes the towels handy; but at the same time light, highly absorbent and soft. A broad tube seam decorates the two short sides; the two long sides show a thin black closing. EDEN PIQU\u00c9E is available as hand towel, sauna towel and bath towel.\" \/>\n<meta property=\"og:url\" content=\"https:\/\/zoeppritz.com\/en\/product\/eden-piquee-cream-towels\" \/>\n<meta property=\"og:site_name\" content=\"ZOEPPRITZ1828\" \/>\n<meta property=\"article:modified_time\" content=\"2026-04-08T05:46:18+00:00\" \/>\n<meta property=\"og:image\" content=\"https:\/\/zoeppritz.com\/en\/wp-content\/uploads\/sites\/2\/2018\/11\/4013165293770-00-eden-piquee-baumwolle-leinen-handtuch-saunatuch-duschtuch-80x200-moeve-grey-natur-1.jpg\" \/>\n\t<meta property=\"og:image:width\" content=\"2000\" \/>\n\t<meta property=\"og:image:height\" content=\"2000\" \/>\n\t<meta property=\"og:image:type\" content=\"image\/jpeg\" \/>\n<meta name=\"twitter:card\" content=\"summary_large_image\" \/>\n<meta name=\"twitter:label1\" content=\"Availability\" \/>\n\t<meta name=\"twitter:data1\" content=\"In stock\" \/>\n<script type=\"application\/ld+json\" class=\"yoast-schema-graph\">{\"@context\":\"https:\/\/schema.org\",\"@graph\":[{\"@type\":[\"WebPage\",\"ItemPage\"],\"@id\":\"https:\/\/zoeppritz.com\/en\/product\/eden-piquee-cream-towels\",\"url\":\"https:\/\/zoeppritz.com\/en\/product\/eden-piquee-cream-towels\",\"name\":\"Eden Piqu\u00e9e - ZOEPPRITZ1828\",\"isPartOf\":{\"@id\":\"https:\/\/zoeppritz.com\/en\/#website\"},\"primaryImageOfPage\":{\"@id\":\"https:\/\/zoeppritz.com\/en\/product\/eden-piquee-cream-towels#primaryimage\"},\"image\":{\"@id\":\"https:\/\/zoeppritz.com\/en\/product\/eden-piquee-cream-towels#primaryimage\"},\"thumbnailUrl\":\"https:\/\/zoeppritz.com\/en\/wp-content\/uploads\/sites\/2\/2018\/11\/4013165293770-00-eden-piquee-baumwolle-leinen-handtuch-saunatuch-duschtuch-80x200-moeve-grey-natur-1.jpg\",\"datePublished\":\"2019-04-26T11:00:55+00:00\",\"dateModified\":\"2026-04-08T05:46:18+00:00\",\"breadcrumb\":{\"@id\":\"https:\/\/zoeppritz.com\/en\/product\/eden-piquee-cream-towels#breadcrumb\"},\"inLanguage\":\"en-US\",\"potentialAction\":[{\"@type\":\"ReadAction\",\"target\":[\"https:\/\/zoeppritz.com\/en\/product\/eden-piquee-cream-towels\"]}]},{\"@type\":\"ImageObject\",\"inLanguage\":\"en-US\",\"@id\":\"https:\/\/zoeppritz.com\/en\/product\/eden-piquee-cream-towels#primaryimage\",\"url\":\"https:\/\/zoeppritz.com\/en\/wp-content\/uploads\/sites\/2\/2018\/11\/4013165293770-00-eden-piquee-baumwolle-leinen-handtuch-saunatuch-duschtuch-80x200-moeve-grey-natur-1.jpg\",\"contentUrl\":\"https:\/\/zoeppritz.com\/en\/wp-content\/uploads\/sites\/2\/2018\/11\/4013165293770-00-eden-piquee-baumwolle-leinen-handtuch-saunatuch-duschtuch-80x200-moeve-grey-natur-1.jpg\",\"width\":2000,\"height\":2000},{\"@type\":\"BreadcrumbList\",\"@id\":\"https:\/\/zoeppritz.com\/en\/product\/eden-piquee-cream-towels#breadcrumb\",\"itemListElement\":[{\"@type\":\"ListItem\",\"position\":1,\"name\":\"Home\",\"item\":\"https:\/\/zoeppritz.com\/en\/\"},{\"@type\":\"ListItem\",\"position\":2,\"name\":\"all products\",\"item\":\"https:\/\/zoeppritz.com\/en\/shop\"},{\"@type\":\"ListItem\",\"position\":3,\"name\":\"Eden Piqu\u00e9e\"}]},{\"@type\":\"WebSite\",\"@id\":\"https:\/\/zoeppritz.com\/en\/#website\",\"url\":\"https:\/\/zoeppritz.com\/en\/\",\"name\":\"ZOEPPRITZ1828\",\"description\":\"zoeppritz.com\",\"potentialAction\":[{\"@type\":\"SearchAction\",\"target\":{\"@type\":\"EntryPoint\",\"urlTemplate\":\"https:\/\/zoeppritz.com\/en\/?s={search_term_string}\"},\"query-input\":{\"@type\":\"PropertyValueSpecification\",\"valueRequired\":true,\"valueName\":\"search_term_string\"}}],\"inLanguage\":\"en-US\"}]}<\/script>\n<meta property=\"og:availability\" content=\"instock\" \/>\n<meta property=\"product:availability\" content=\"instock\" \/>\n<meta property=\"product:retailer_item_id\" content=\"R470009 cream\" \/>\n<meta property=\"product:condition\" content=\"new\" \/>\n<!-- \/ Yoast SEO Premium plugin. -->","yoast_head_json":{"title":"Eden Piqu\u00e9e - ZOEPPRITZ1828","robots":{"index":"index","follow":"follow","max-snippet":"max-snippet:-1","max-image-preview":"max-image-preview:large","max-video-preview":"max-video-preview:-1"},"canonical":"https:\/\/zoeppritz.com\/en\/product\/eden-piquee-cream-towels","og_locale":"en_US","og_type":"article","og_title":"Eden Piqu\u00e9e","og_description":"EDEN PIQU\u00c9E by m\u00f6ve is puristic and elegant: the eye-catching design and structure is due to the black natural weft yarn with piqu\u00e9e structure. The towel series is woven from a material mix of fine natural cotton and linen. The very high grammage of 580g\/sqm makes the towels handy; but at the same time light, highly absorbent and soft. A broad tube seam decorates the two short sides; the two long sides show a thin black closing. EDEN PIQU\u00c9E is available as hand towel, sauna towel and bath towel.","og_url":"https:\/\/zoeppritz.com\/en\/product\/eden-piquee-cream-towels","og_site_name":"ZOEPPRITZ1828","article_modified_time":"2026-04-08T05:46:18+00:00","og_image":[{"width":2000,"height":2000,"url":"https:\/\/zoeppritz.com\/en\/wp-content\/uploads\/sites\/2\/2018\/11\/4013165293770-00-eden-piquee-baumwolle-leinen-handtuch-saunatuch-duschtuch-80x200-moeve-grey-natur-1.jpg","type":"image\/jpeg"}],"twitter_card":"summary_large_image","twitter_misc":{"Availability":"In stock"},"schema":{"@context":"https:\/\/schema.org","@graph":[{"@type":["WebPage","ItemPage"],"@id":"https:\/\/zoeppritz.com\/en\/product\/eden-piquee-cream-towels","url":"https:\/\/zoeppritz.com\/en\/product\/eden-piquee-cream-towels","name":"Eden Piqu\u00e9e - ZOEPPRITZ1828","isPartOf":{"@id":"https:\/\/zoeppritz.com\/en\/#website"},"primaryImageOfPage":{"@id":"https:\/\/zoeppritz.com\/en\/product\/eden-piquee-cream-towels#primaryimage"},"image":{"@id":"https:\/\/zoeppritz.com\/en\/product\/eden-piquee-cream-towels#primaryimage"},"thumbnailUrl":"https:\/\/zoeppritz.com\/en\/wp-content\/uploads\/sites\/2\/2018\/11\/4013165293770-00-eden-piquee-baumwolle-leinen-handtuch-saunatuch-duschtuch-80x200-moeve-grey-natur-1.jpg","datePublished":"2019-04-26T11:00:55+00:00","dateModified":"2026-04-08T05:46:18+00:00","breadcrumb":{"@id":"https:\/\/zoeppritz.com\/en\/product\/eden-piquee-cream-towels#breadcrumb"},"inLanguage":"en-US","potentialAction":[{"@type":"ReadAction","target":["https:\/\/zoeppritz.com\/en\/product\/eden-piquee-cream-towels"]}]},{"@type":"ImageObject","inLanguage":"en-US","@id":"https:\/\/zoeppritz.com\/en\/product\/eden-piquee-cream-towels#primaryimage","url":"https:\/\/zoeppritz.com\/en\/wp-content\/uploads\/sites\/2\/2018\/11\/4013165293770-00-eden-piquee-baumwolle-leinen-handtuch-saunatuch-duschtuch-80x200-moeve-grey-natur-1.jpg","contentUrl":"https:\/\/zoeppritz.com\/en\/wp-content\/uploads\/sites\/2\/2018\/11\/4013165293770-00-eden-piquee-baumwolle-leinen-handtuch-saunatuch-duschtuch-80x200-moeve-grey-natur-1.jpg","width":2000,"height":2000},{"@type":"BreadcrumbList","@id":"https:\/\/zoeppritz.com\/en\/product\/eden-piquee-cream-towels#breadcrumb","itemListElement":[{"@type":"ListItem","position":1,"name":"Home","item":"https:\/\/zoeppritz.com\/en\/"},{"@type":"ListItem","position":2,"name":"all products","item":"https:\/\/zoeppritz.com\/en\/shop"},{"@type":"ListItem","position":3,"name":"Eden Piqu\u00e9e"}]},{"@type":"WebSite","@id":"https:\/\/zoeppritz.com\/en\/#website","url":"https:\/\/zoeppritz.com\/en\/","name":"ZOEPPRITZ1828","description":"zoeppritz.com","potentialAction":[{"@type":"SearchAction","target":{"@type":"EntryPoint","urlTemplate":"https:\/\/zoeppritz.com\/en\/?s={search_term_string}"},"query-input":{"@type":"PropertyValueSpecification","valueRequired":true,"valueName":"search_term_string"}}],"inLanguage":"en-US"}]},"og_availability":"instock","product_availability":"instock","product_retailer_item_id":"R470009 cream","product_condition":"new"},"_links":{"self":[{"href":"https:\/\/zoeppritz.com\/en\/wp-json\/wp\/v2\/product\/1879","targetHints":{"allow":["GET"]}}],"collection":[{"href":"https:\/\/zoeppritz.com\/en\/wp-json\/wp\/v2\/product"}],"about":[{"href":"https:\/\/zoeppritz.com\/en\/wp-json\/wp\/v2\/types\/product"}],"wp:featuredmedia":[{"embeddable":true,"href":"https:\/\/zoeppritz.com\/en\/wp-json\/wp\/v2\/media\/3486"}],"wp:attachment":[{"href":"https:\/\/zoeppritz.com\/en\/wp-json\/wp\/v2\/media?parent=1879"}],"wp:term":[{"taxonomy":"product_cat","embeddable":true,"href":"https:\/\/zoeppritz.com\/en\/wp-json\/wp\/v2\/product_cat?post=1879"},{"taxonomy":"product_tag","embeddable":true,"href":"https:\/\/zoeppritz.com\/en\/wp-json\/wp\/v2\/product_tag?post=1879"}],"curies":[{"name":"wp","href":"https:\/\/api.w.org\/{rel}","templated":true}]}}